{"id":142,"date":"2018-07-17T17:00:30","date_gmt":"2018-07-17T17:00:30","guid":{"rendered":"http:\/\/wordpress.buehler-cnc.de\/?page_id=142"},"modified":"2019-08-08T10:10:58","modified_gmt":"2019-08-08T10:10:58","slug":"datenschutz","status":"publish","type":"page","link":"https:\/\/buehler-cnc.de\/index.php\/datenschutz\/","title":{"rendered":"Datenschutz"},"content":{"rendered":"<div id=\"pl-142\"  class=\"panel-layout\" ><div id=\"pg-142-0\"  class=\"panel-grid panel-no-style\" ><div id=\"pgc-142-0-0\"  class=\"panel-grid-cell\" ><div id=\"panel-142-0-0-0\" class=\"so-panel widget widget_text panel-first-child panel-last-child\" data-index=\"0\" >\t\t\t<div class=\"textwidget\"><p><strong>Anwendungsbereich<\/strong><br \/>\nAls Betreiber dieser Seiten nehmen wir den Schutz Ihrer pers\u00f6nlichen Daten sehr ernst. Wir behandeln Ihre personenbezogenen Daten vertraulich und entsprechend der gesetzlichen Datenschutzvorschriften sowie dieser Datenschutzerkl\u00e4rung. Mit dieser Datenschutzerkl\u00e4rung kl\u00e4ren wir Sie \u00fcber die Art, den Umfang und den Zweck der Erhebung und Verwendung personenbezogener Daten sowie Protokolldaten durch unser Unternehmen auf unserer Internetseite auf.<\/p>\n<p>&nbsp;<\/p>\n<p><strong>Name und Kontaktdaten des f\u00fcr die Verarbeitung Verantwortlichen<\/strong><\/p>\n<p>Diese Datenschutzinformation gilt f\u00fcr die Datenverarbeitung durch:<\/p>\n<p>B\u00fchler CNC-Technik GmbH, Robert-Bosch-Stra\u00dfe 3, D-72202 Nagold<br \/>\nTelefon: +49 (0)7452 63549-50; Telefax: +49 (0)7452 63549-92, E-Mail: info@buehler-cnc.de<\/p>\n<p>&nbsp;<\/p>\n<p><strong>Umgang mit personenbezogenen Daten<\/strong><\/p>\n<p>Personenbezogene Daten sind Informationen, mit deren Hilfe eine Person bestimmbar ist. Dazu geh\u00f6ren der Name, der Vorname, die postalische Adresse, die E-Mail-Adresse oder die Telefonnummer, aber auch Nutzungsdaten wie Ihre IP-Adresse.<\/p>\n<p>Im Allgemeinen ist es f\u00fcr die Nutzung unserer Internetseite nicht erforderlich, dass Sie personenbezogene Daten angeben. Damit wir unsere Leistungen aber tats\u00e4chlich erbringen k\u00f6nnen, ben\u00f6tigen wir Ihre personenbezogenen Daten. Dies gilt sowohl f\u00fcr die Erbringung von Dienstleistungen, die Zusendung von Informationsmaterial oder bestellter Ware sowie auch f\u00fcr die Beantwortung individueller Anfragen.<\/p>\n<p>Sofern Sie uns mit der Erbringung einer Dienstleistung oder der Zusendung von Ware beauftragen, erheben und speichern wir Ihre personenbezogenen Daten grunds\u00e4tzlich nur insoweit, als es f\u00fcr die Vertragsabwicklung erforderlich ist. Dazu kann es erforderlich sein, Ihre personenbezogenen Daten an Unternehmen weiterzugeben, die wir zur Erbringung der Dienstleistung oder zur Vertragsdurchf\u00fchrung einsetzen. Dies sind z.B. Subunternehmer oder Transportunternehmen<\/p>\n<p>Nach vollst\u00e4ndiger Vertragsabwicklung werden Ihre Daten gesperrt und nach Ablauf der steuer- und handelsrechtlichen Vorschriften gel\u00f6scht, sofern Sie nicht ausdr\u00fccklich einer dar\u00fcber hinausgehenden Datenverwendung zugestimmt haben.<\/p>\n<p>Soweit wir f\u00fcr Verarbeitungsvorg\u00e4nge personenbezogener Daten eine Einwilligung der betroffenen Person einholen, dient Art. 6 Abs. 1 S. 1 lit. a EU-Datenschutzgrundverordnung (DSGVO) als Rechtsgrundlage. Bei der Verarbeitung von personenbezogenen Daten, die zur Erf\u00fcllung eines Vertrages, dessen Vertragspartei die betroffene Person ist, erforderlich ist, dient Art. 6 Abs. 1 S. 1 lit. b DSGVO als Rechtsgrundlage. Dies gilt auch f\u00fcr Verarbeitungsvorg\u00e4nge, die zur Durchf\u00fchrung vorvertraglicher Ma\u00dfnahmen erforderlich sind. Soweit eine Verarbeitung personenbezogener Daten zur Erf\u00fcllung einer rechtlichen Verpflichtung erforderlich ist, der unser Unternehmen unterliegt, dient Art. 6 Abs. 1 S. 1 lit. c DSGVO als Rechtsgrundlage. F\u00fcr den Fall, dass lebenswichtige Interessen der betroffenen Person oder einer anderen nat\u00fcrlichen Person eine Verarbeitung personenbezogener Daten erforderlich machen, dient Art. 6 Abs. 1 S. 1 lit. d DSGVO als Rechtsgrundlage. Ist die Verarbeitung zur Wahrung eines berechtigten Interesses unseres Unternehmens oder eines Dritten erforderlich und \u00fcberwiegen die Interessen, Grundrechte und Grundfreiheiten des Betroffenen das erstgenannte Interesse nicht, so dient Art. 6 Abs. 1 S. 1 lit. f DSGVO als Rechtsgrundlage f\u00fcr die Verarbeitung.<\/p>\n<p>&nbsp;<\/p>\n<p><strong>Umgang mit Protokolldaten &#8211; Server-Log-Files<\/strong><\/p>\n<p>Wir bzw. unser Provider erheben und speichern vor\u00fcbergehend automatisch Daten \u00fcber jeden Zugriff auf unser Angebot in sogenannten Server-Log-Files, die Ihr Browser automatisch an uns \u00fcbermittelt. Protokolliert werden unter anderem: Name der aufgerufenen Internetseite, Dateiname, Datum und Uhrzeit des Abrufs, \u00fcbertragene Datenmenge, Meldung \u00fcber erfolgreichen Abruf, Browsertyp nebst Version, das Betriebssystem des Nutzers, Referrer-URL (die zuvor besuchte Seite), IP-Adresse und der anfragende Provider sowie der Hostname des zugreifenden Rechners. Diese Daten sind nicht bestimmten Personen zuordenbar. Eine Zusammenf\u00fchrung dieser Daten mit anderen Datenquellen wird nicht vorgenommen. Wir behalten uns vor, diese Daten nachtr\u00e4glich zu pr\u00fcfen, wenn uns konkrete Anhaltspunkte f\u00fcr eine rechtswidrige Nutzung bekannt werden.<\/p>\n<p>Wir verwenden die Protokolldaten nur f\u00fcr statistische Auswertungen zum Zweck des Betriebs, der Sicherheit und der Optimierung unseres Angebotes.<\/p>\n<p>Rechtsgrundlage f\u00fcr die vor\u00fcbergehende Speicherung der Daten und der Logfiles ist Art. 6 Abs. 1 S. 1 lit. f DSGVO.<\/p>\n<p>&nbsp;<\/p>\n<p><strong>Cookies<\/strong><\/p>\n<p>Die Internetseiten verwenden teilweise so genannte Cookies. Cookies richten auf Ihrem Rechner keinen Schaden an und enthalten keine Viren. Cookies dienen dazu, unser Angebot nutzerfreundlicher, effektiver und sicherer zu machen. Cookies sind kleine Textdateien, die auf Ihrem Rechner abgelegt werden und die Ihr Browser speichert.<\/p>\n<p>Die meisten der von uns verwendeten Cookies sind so genannte \u201eSession-Cookies\u201c. Sie werden nach<br \/>\nEnde Ihres Besuchs automatisch gel\u00f6scht. Andere Cookies bleiben auf Ihrem Endger\u00e4t gespeichert, bis Sie diese l\u00f6schen. Diese Cookies erm\u00f6glichen es uns, Ihren Browser beim n\u00e4chsten Besuch<br \/>\nwiederzuerkennen.<\/p>\n<p>Sie k\u00f6nnen Ihren Browser so einstellen, dass Sie \u00fcber das Setzen von Cookies informiert werden und<br \/>\nCookies nur im Einzelfall erlauben, die Annahme von Cookies f\u00fcr bestimmte F\u00e4lle oder generell<br \/>\nausschlie\u00dfen sowie das automatische L\u00f6schen der Cookies beim Schlie\u00dfen des Browser aktivieren. Bei der Deaktivierung von Cookies kann die Funktionalit\u00e4t dieser Website eingeschr\u00e4nkt sein.<\/p>\n<p>Rechtsgrundlage f\u00fcr die Verarbeitung personenbezogener Daten unter Verwendung von Cookies ist Art. 6 Abs. 1 S. 1 lit. f DSGVO.<\/p>\n<p>&nbsp;<\/p>\n<p><strong>Kontaktformular und Kontaktaufnahme per E-Mail, Telefax oder Telefon<\/strong><\/p>\n<p>Wenn Sie uns per Kontaktformular Anfragen zukommen lassen, werden Ihre Angaben aus dem<br \/>\nAnfrageformular inklusive der von Ihnen dort angegebenen Daten (Firma, Vorname, Nachname, Adresse, E-Mail-Adresse, Telefonnummer, Nachrichtentext, Dateianh\u00e4nge) zwecks Bearbeitung der Anfrage und f\u00fcr den Fall von Anschlussfragen bei uns gespeichert. Diese Daten geben wir nicht ohne Ihre Einwilligung weiter.<\/p>\n<p>F\u00fcr den Fall, dass Sie sich bei uns f\u00fcr eine ausgeschriebene Stelle bewerben, speichern wir zus\u00e4tzlich die von Ihnen \u00fcbermittelten Bewerbungsunterlagen (Bewerbungsschreiben, Lebenslauf, Zeugnisse, etc.). Auch diese Daten geben wir nicht ohne Ihre Einwilligung weiter.<\/p>\n<p>F\u00fcr die Verarbeitung der Daten wird im Rahmen des Absendevorgangs Ihre Einwilligung eingeholt und auf diese Datenschutzerkl\u00e4rung verwiesen.<\/p>\n<p>Alternativ ist eine Kontaktaufnahme \u00fcber die bereitgestellte E-Mail-Adresse, Telefax- oder Telefonnummer m\u00f6glich. In diesem Fall werden die mit der E-Mail, Telefax bzw. des Telefongespr\u00e4ches \u00fcbermittelten personenbezogenen Daten des Nutzers gespeichert. Im Rahmen der weiteren Korrespondenz mit Ihnen werden wir Ihre Einwilligungserkl\u00e4rung f\u00fcr die Verabeitung Ihrer personenbezogenen Daten einholen.<\/p>\n<p>Rechtsgrundlage f\u00fcr die Verarbeitung der Daten, die im Zuge einer \u00dcbersendung einer E-Mail, per Telefax, einer telefonischen Kontaktaufnahme oder \u00fcber das Kontaktformular \u00fcbermittelt werden, ist bei Vorliegen einer Einwilligung des Nutzers Art. 6 Abs. 1 S. 1 lit. a DSGVO, ansonsten Art. 6 Abs. 1 S. 1 lit f DSGVO. Zielt der E-Mail-, Telefax-, Telefonkontakt oder der Kontakt \u00fcber das Kontaktformular auf den Abschluss eines Vertrages ab, so ist zus\u00e4tzliche Rechtsgrundlage f\u00fcr die Verarbeitung Art. 6 Abs. 1 S. 1 lit. b DSGVO.<\/p>\n<p>&nbsp;<\/p>\n<p><strong>Datenweitergabe zur Vertragserf\u00fcllung<\/strong><\/p>\n<p>Zur Vertragserf\u00fcllung geben wir Ihre Daten an Subunternehmer weiter, soweit dies zur Fertigung bestimmter Werkst\u00fccke erforderlich ist, die wir nicht selbst fertigen k\u00f6nnen. Der von uns beauftragte Subunternehmer versendet die Ware in diesem Fall direkt an Sie. Hierzu geben wir dem Subunternehmer Ihre f\u00fcr den Versand der Ware erforderlichen Daten (Firma, Vorname, Nachname und Adresse) weiter.<\/p>\n<p>In der Regel liefern wir Ihre Ware selbst aus. In seltenen F\u00e4llen bedienen wir uns f\u00fcr den Transport eines Transportunternehmens. In diesem Fall geben wir Ihre f\u00fcr den Versand der Ware bzw. f\u00fcr R\u00fcckfragen erforderlichen Daten (Firma, Vorname, Nachname, Adresse und Telefonnummer) an das Transportunternehmen weiter.<\/p>\n<p>Rechtsgrundlage f\u00fcr die Datenweitergabe an Dritte ist bei Vorliegen einer Einwilligung des Nutzers Art. 6 Abs. 1 S. 1 lit. a DSGVO. Ist die Datenweitergabe an Dritte zur Erf\u00fcllung eines Vertrages erforderlich, dessen Vertragspartei die betroffene Person ist, dient Art. 6 Abs. 1 S. 1 lit. b DSGVO als Rechtsgrundlage.<\/p>\n<p>&nbsp;<\/p>\n<p><strong>Umgang mit Kommentaren und Beitr\u00e4gen<\/strong><\/p>\n<p>Hinterlassen Sie auf dieser Website einen Beitrag oder Kommentar, wird Ihre IP-Adresse gespeichert. Dies erfolgt aufgrund unserer berechtigten Interessen im Sinne des Art. 6 Abs. 1 S. 1 lit. f. DSGVO und dient der Sicherheit von uns als Websitebetreiber: Denn sollte Ihr Kommentar gegen geltendes Recht versto\u00dfen, k\u00f6nnen wir daf\u00fcr belangt werden, weshalb wir ein Interesse an der Identit\u00e4t des Kommentar- bzw. Beitragsautors haben.<\/p>\n<p>&nbsp;<\/p>\n<p><strong>Rechte der betroffenen Person<\/strong><\/p>\n<p>Werden personenbezogene Daten von Ihnen verarbeitet, sind Sie Betroffener i.S.d. DSGVO und es stehen Ihnen folgende Rechte gegen\u00fcber dem Verantwortlichen zu:<\/p>\n<p>&nbsp;<\/p>\n<p><em>Auskunftsrecht<\/em><\/p>\n<p>Sie k\u00f6nnen von dem Verantwortlichen eine Best\u00e4tigung dar\u00fcber verlangen, ob personenbezogene Daten, die Sie betreffen, von uns verarbeitet werden.<br \/>\nLiegt eine solche Verarbeitung vor, k\u00f6nnen Sie von dem Verantwortlichen \u00fcber folgende Informationen Auskunft verlangen:<\/p>\n<ol>\n<li>die Zwecke, zu denen die personenbezogenen Daten verarbeitet werden;<\/li>\n<li>die Kategorien von personenbezogenen Daten, welche verarbeitet werden;<\/li>\n<li>die Empf\u00e4nger bzw. die Kategorien von Empf\u00e4ngern, gegen\u00fcber denen die Sie betreffenden personenbezogenen Daten offengelegt wurden oder noch offengelegt werden;<\/li>\n<li>die geplante Dauer der Speicherung der Sie betreffenden personenbezogenen Daten oder, falls konkrete Angaben hierzu nicht m\u00f6glich sind, Kriterien f\u00fcr die Festlegung der Speicherdauer;<\/li>\n<li>das Bestehen eines Rechts auf Berichtigung oder L\u00f6schung der Sie betreffenden personenbezogenen Daten, eines Rechts auf Einschr\u00e4nkung der Verarbeitung durch den Verantwortlichen oder eines Widerspruchsrechts gegen diese Verarbeitung;<\/li>\n<li>das Bestehen eines Beschwerderechts bei einer Aufsichtsbeh\u00f6rde;<\/li>\n<li>alle verf\u00fcgbaren Informationen \u00fcber die Herkunft der Daten, wenn die personenbezogenen Daten nicht bei der betroffenen Person erhoben werden;<\/li>\n<li>das Bestehen einer automatisierten Entscheidungsfindung einschlie\u00dflich Profiling gem\u00e4\u00df Art. 22 Abs. 1 und 4 DSGVO und \u2013 zumindest in diesen F\u00e4llen \u2013 aussagekr\u00e4ftige Informationen \u00fcber die involvierte Logik sowie die Tragweite und die angestrebten Auswirkungen einer derartigen Verarbeitung f\u00fcr die betroffene Person.<br \/>\nIhnen steht das Recht zu, Auskunft dar\u00fcber zu verlangen, ob die Sie betreffenden personenbezogenen Daten in ein Drittland oder an eine internationale Organisation \u00fcbermittelt werden. In diesem Zusammenhang k\u00f6nnen Sie verlangen, \u00fcber die geeigneten Garantien gem. Art. 46 DSGVO im Zusammenhang mit der \u00dcbermittlung unterrichtet zu werden.<\/li>\n<\/ol>\n<p>&nbsp;<\/p>\n<p><em>Recht auf Berichtigung<\/em><\/p>\n<p>Sie haben ein Recht auf Berichtigung und\/oder Vervollst\u00e4ndigung gegen\u00fcber dem Verantwortlichen, sofern die verarbeiteten personenbezogenen Daten, die Sie betreffen, unrichtig oder unvollst\u00e4ndig sind. Der Verantwortliche hat die Berichtigung unverz\u00fcglich vorzunehmen.<\/p>\n<p>&nbsp;<\/p>\n<p><em>Recht auf Einschr\u00e4nkung der Verarbeitung<\/em><\/p>\n<p>Unter den folgenden Voraussetzungen k\u00f6nnen Sie die Einschr\u00e4nkung der Verarbeitung der Sie betreffenden personenbezogenen Daten verlangen:<\/p>\n<ol>\n<li>wenn Sie die Richtigkeit der Sie betreffenden personenbezogenen f\u00fcr eine Dauer bestreiten, die es dem Verantwortlichen erm\u00f6glicht, die Richtigkeit der personenbezogenen Daten zu \u00fcberpr\u00fcfen;<\/li>\n<li>die Verarbeitung unrechtm\u00e4\u00dfig ist und Sie die L\u00f6schung der personenbezogenen Daten ablehnen und stattdessen die Einschr\u00e4nkung der Nutzung der personenbezogenen Daten verlangen;<\/li>\n<li>der Verantwortliche die personenbezogenen Daten f\u00fcr die Zwecke der Verarbeitung nicht l\u00e4nger ben\u00f6tigt, Sie diese jedoch zur Geltendmachung, Aus\u00fcbung oder Verteidigung von Rechtsanspr\u00fcchen ben\u00f6tigen, oder<\/li>\n<li>wenn Sie Widerspruch gegen die Verarbeitung gem\u00e4\u00df Art. 21 Abs. 1 DSGVO eingelegt haben und noch nicht feststeht, ob die berechtigten Gr\u00fcnde des Verantwortlichen gegen\u00fcber Ihren Gr\u00fcnden \u00fcberwiegen.<br \/>\nWurde die Verarbeitung der Sie betreffenden personenbezogenen Daten eingeschr\u00e4nkt, d\u00fcrfen diese Daten \u2013 von ihrer Speicherung abgesehen \u2013 nur mit Ihrer Einwilligung oder zur Geltendmachung, Aus\u00fcbung oder Verteidigung von Rechtsanspr\u00fcchen oder zum Schutz der Rechte einer anderen nat\u00fcrlichen oder juristischen Person oder aus Gr\u00fcnden eines wichtigen \u00f6ffentlichen Interesses der Union oder eines Mitgliedstaats verarbeitet werden.<\/li>\n<\/ol>\n<p>Wurde die Einschr\u00e4nkung der Verarbeitung nach den o.g. Voraussetzungen eingeschr\u00e4nkt, werden Sie von dem Verantwortlichen unterrichtet bevor die Einschr\u00e4nkung aufgehoben wird.<\/p>\n<p>&nbsp;<\/p>\n<p><em>Recht auf L\u00f6schung<\/em><\/p>\n<p><em>L\u00f6schungspflicht<\/em><\/p>\n<p>Sie k\u00f6nnen von dem Verantwortlichen verlangen, dass die Sie betreffenden personenbezogenen Daten unverz\u00fcglich gel\u00f6scht werden, und der Verantwortliche ist verpflichtet, diese Daten unverz\u00fcglich zu l\u00f6schen, sofern einer der folgenden Gr\u00fcnde zutrifft:<\/p>\n<ol>\n<li>Die Sie betreffenden personenbezogenen Daten sind f\u00fcr die Zwecke, f\u00fcr die sie erhoben oder auf sonstige Weise verarbeitet wurden, nicht mehr notwendig.<\/li>\n<li>Sie widerrufen Ihre Einwilligung, auf die sich die Verarbeitung gem. Art. 6 Abs. 1 lit. a oder Art. 9 Abs. 2 lit. a DSGVO st\u00fctzte, und es fehlt an einer anderweitigen Rechtsgrundlage f\u00fcr die Verarbeitung.<\/li>\n<li>Sie legen gem. Art. 21 Abs. 1 DSGVO Widerspruch gegen die Verarbeitung ein und es liegen keine vorrangigen berechtigten Gr\u00fcnde f\u00fcr die Verarbeitung vor, oder Sie legen gem. Art. 21 Abs. 2 DSGVO Widerspruch gegen die Verarbeitung ein.<\/li>\n<li>Die Sie betreffenden personenbezogenen Daten wurden unrechtm\u00e4\u00dfig verarbeitet.<\/li>\n<li>Die L\u00f6schung der Sie betreffenden personenbezogenen Daten ist zur Erf\u00fcllung einer rechtlichen Verpflichtung nach dem Unionsrecht oder dem Recht der Mitgliedstaaten erforderlich, dem der Verantwortliche unterliegt.<\/li>\n<li>Die Sie betreffenden personenbezogenen Daten wurden in Bezug auf angebotene Dienste der Informationsgesellschaft gem\u00e4\u00df Art. 8 Abs. 1 DSGVO erhoben.<\/li>\n<\/ol>\n<p><em>Ausnahmen<\/em><\/p>\n<p>Das Recht auf L\u00f6schung besteht nicht, soweit die Verarbeitung erforderlich ist<\/p>\n<ol>\n<li>zur Erf\u00fcllung einer rechtlichen Verpflichtung, die die Verarbeitung nach dem Recht der Union oder der Mitgliedstaaten, dem der Verantwortliche unterliegt, erfordert.<\/li>\n<li>zur Geltendmachung, Aus\u00fcbung oder Verteidigung von Rechtsanspr\u00fcchen.<\/li>\n<\/ol>\n<p>&nbsp;<\/p>\n<p><em>Recht auf Unterrichtung<\/em><\/p>\n<p>Haben Sie das Recht auf Berichtigung, L\u00f6schung oder Einschr\u00e4nkung der Verarbeitung gegen\u00fcber dem Verantwortlichen geltend gemacht, ist dieser verpflichtet, allen Empf\u00e4ngern, denen die Sie betreffenden personenbezogenen Daten offengelegt wurden, diese Berichtigung oder L\u00f6schung der Daten oder Einschr\u00e4nkung der Verarbeitung mitzuteilen, es sei denn, dies erweist sich als unm\u00f6glich oder ist mit einem unverh\u00e4ltnism\u00e4\u00dfigen Aufwand verbunden.<br \/>\nIhnen steht gegen\u00fcber dem Verantwortlichen das Recht zu, \u00fcber diese Empf\u00e4nger unterrichtet zu werden.<\/p>\n<p>&nbsp;<\/p>\n<p><em>Recht auf Daten\u00fcbertragbarkeit<\/em><\/p>\n<p>Sie haben das Recht, die Sie betreffenden personenbezogenen Daten, die Sie dem Verantwortlichen bereitgestellt haben, in einem strukturierten, g\u00e4ngigen und maschinenlesbaren Format zu erhalten. Au\u00dferdem haben Sie das Recht diese Daten einem anderen Verantwortlichen ohne Behinderung durch den Verantwortlichen, dem die personenbezogenen Daten bereitgestellt wurden, zu \u00fcbermitteln, sofern<\/p>\n<ol>\n<li>die Verarbeitung auf einer Einwilligung gem. Art. 6 Abs. 1 lit. a DSGVO oder Art. 9 Abs. 2 lit. a DSGVO oder auf einem Vertrag gem. Art. 6 Abs. 1 lit. b DSGVO beruht und<\/li>\n<li>die Verarbeitung mithilfe automatisierter Verfahren erfolgt.<\/li>\n<\/ol>\n<p>In Aus\u00fcbung dieses Rechts haben Sie ferner das Recht, zu erwirken, dass die Sie betreffenden personenbezogenen Daten direkt von einem Verantwortlichen einem anderen Verantwortlichen \u00fcbermittelt werden, soweit dies technisch machbar ist. Freiheiten und Rechte anderer Personen d\u00fcrfen hierdurch nicht beeintr\u00e4chtigt werden.<\/p>\n<p>&nbsp;<\/p>\n<p><em>Widerspruchsrecht<\/em><\/p>\n<p>Sie haben das Recht, aus Gr\u00fcnden, die sich aus ihrer besonderen Situation ergeben, jederzeit gegen die Verarbeitung der Sie betreffenden personenbezogenen Daten, die aufgrund von Art. 6 Abs. 1 lit. e oder f DSGVO erfolgt, Widerspruch einzulegen.<\/p>\n<p>Der Verantwortliche verarbeitet die Sie betreffenden personenbezogenen Daten nicht mehr, es sei denn, er kann zwingende schutzw\u00fcrdige Gr\u00fcnde f\u00fcr die Verarbeitung nachweisen, die Ihre Interessen, Rechte und Freiheiten \u00fcberwiegen, oder die Verarbeitung dient der Geltendmachung, Aus\u00fcbung oder Verteidigung von Rechtsanspr\u00fcchen.<br \/>\nWerden die Sie betreffenden personenbezogenen Daten verarbeitet, um Direktwerbung zu betreiben, haben Sie das Recht, jederzeit Widerspruch gegen die Verarbeitung der Sie betreffenden personenbezogenen Daten zum Zwecke derartiger Werbung einzulegen.<br \/>\nWidersprechen Sie der Verarbeitung f\u00fcr Zwecke der Direktwerbung, so werden die Sie betreffenden personenbezogenen Daten nicht mehr f\u00fcr diese Zwecke verarbeitet.<br \/>\nSie haben die M\u00f6glichkeit, im Zusammenhang mit der Nutzung von Diensten der Informationsgesellschaft \u2013 ungeachtet der Richtlinie 2002\/58\/EG \u2013 Ihr Widerspruchsrecht mittels automatisierter Verfahren auszu\u00fcben, bei denen technische Spezifikationen verwendet werden.<\/p>\n<p>M\u00f6chten Sie von Ihrem Widerspruchsrecht Gebrauch machen, gen\u00fcgt eine E-Mail an<br \/>\n<a href=\"mailto:info@buehler-cnc.de\">info@buehler-cnc.de<\/a><\/p>\n<p>&nbsp;<\/p>\n<p><em>Recht auf Beschwerde bei einer Aufsichtsbeh\u00f6rde<\/em><\/p>\n<p>Unbeschadet eines anderweitigen verwaltungsrechtlichen oder gerichtlichen Rechtsbehelfs steht Ihnen das Recht auf Beschwerde bei einer Aufsichtsbeh\u00f6rde, insbesondere in dem Mitgliedstaat ihres Aufenthaltsorts, ihres Arbeitsplatzes oder des Orts des mutma\u00dflichen Versto\u00dfes, zu, wenn Sie der Ansicht sind, dass die Verarbeitung der Sie betreffenden personenbezogenen Daten gegen die DSGVO verst\u00f6\u00dft.<br \/>\nDie Aufsichtsbeh\u00f6rde, bei der die Beschwerde eingereicht wurde, unterrichtet den Beschwerdef\u00fchrer \u00fcber den Stand und die Ergebnisse der Beschwerde einschlie\u00dflich der M\u00f6glichkeit eines gerichtlichen Rechtsbehelfs nach Art. 78 DSGVO.<\/p>\n<p>&nbsp;<\/p>\n<p><strong>Recht auf Widerruf der datenschutzrechtlichen Einwilligungserkl\u00e4rung<\/strong><\/p>\n<p>Sie haben das Recht, Ihre datenschutzrechtliche Einwilligungserkl\u00e4rung jederzeit zu widerrufen. Durch den Widerruf der Einwilligung wird die Rechtm\u00e4\u00dfigkeit der aufgrund der Einwilligung bis zum Widerruf erfolgten Verarbeitung nicht ber\u00fchrt.<\/p>\n<p>M\u00f6chten Sie von Ihrem Widerrufsrecht Gebrauch machen, gen\u00fcgt eine E-Mail an<br \/>\n<a href=\"mailto:info@buehler-cnc.de\">info@buehler-cnc.de<\/a><\/p>\n<p>&nbsp;<\/p>\n<p><strong>Aktualit\u00e4t und \u00c4nderung dieser Datenschutzerkl\u00e4rung<\/strong><\/p>\n<p>Diese Datenschutzerkl\u00e4rung ist aktuell g\u00fcltig und hat den Stand September 2018.<\/p>\n<p>Durch die Weiterentwicklung unserer Webseite und Angebote dar\u00fcber oder aufgrund ge\u00e4nderter gesetzlicher beziehungsweise gerichtlicher oder beh\u00f6rdlicher Vorgaben kann es notwendig werden, diese Datenschutzerkl\u00e4rung zu \u00e4ndern. Die jeweils aktuelle Datenschutzerkl\u00e4rung kann jederzeit auf der Webseite unter <a href=\"https:\/\/buehler-cnc.de\/index.php\/datenschutz\/\">https:\/\/buehler-cnc.de\/index.php\/datenschutz\/<\/a> von Ihnen abgerufen werden.<\/p>\n<\/div>\n\t\t<\/div><\/div><\/div><\/div>","protected":false},"excerpt":{"rendered":"<p>Anwendungsbereich Als Betreiber dieser Seiten nehmen wir den Schutz Ihrer pers\u00f6nlichen Daten sehr ernst. Wir behandeln Ihre personenbezogenen Daten vertraulich und entsprechend der gesetzlichen Datenschutzvorschriften sowie dieser Datenschutzerkl\u00e4rung. Mit dieser Datenschutzerkl\u00e4rung kl\u00e4ren wir Sie \u00fcber die Art, den Umfang und den Zweck der Erhebung und Verwendung personenbezogener Daten sowie Protokolldaten durch unser Unternehmen auf unserer<\/p><\/div>\n<div class=\"blog-btn\"><a href=\"https:\/\/buehler-cnc.de\/index.php\/datenschutz\/\" class=\"home-blog-btn\">Weiterlesen<\/a><\/p>\n","protected":false},"author":2,"featured_media":0,"parent":0,"menu_order":0,"comment_status":"closed","ping_status":"closed","template":"template\/template-page-full-width.php","meta":[],"_links":{"self":[{"href":"https:\/\/buehler-cnc.de\/index.php\/wp-json\/wp\/v2\/pages\/142"}],"collection":[{"href":"https:\/\/buehler-cnc.de\/index.php\/wp-json\/wp\/v2\/pages"}],"about":[{"href":"https:\/\/buehler-cnc.de\/index.php\/wp-json\/wp\/v2\/types\/page"}],"author":[{"embeddable":true,"href":"https:\/\/buehler-cnc.de\/index.php\/wp-json\/wp\/v2\/users\/2"}],"replies":[{"embeddable":true,"href":"https:\/\/buehler-cnc.de\/index.php\/wp-json\/wp\/v2\/comments?post=142"}],"version-history":[{"count":22,"href":"https:\/\/buehler-cnc.de\/index.php\/wp-json\/wp\/v2\/pages\/142\/revisions"}],"predecessor-version":[{"id":522,"href":"https:\/\/buehler-cnc.de\/index.php\/wp-json\/wp\/v2\/pages\/142\/revisions\/522"}],"wp:attachment":[{"href":"https:\/\/buehler-cnc.de\/index.php\/wp-json\/wp\/v2\/media?parent=142"}],"curies":[{"name":"wp","href":"https:\/\/api.w.org\/{rel}","templated":true}]}}