{"id":135,"date":"2018-07-17T16:58:06","date_gmt":"2018-07-17T16:58:06","guid":{"rendered":"http:\/\/wordpress.buehler-cnc.de\/?page_id=135"},"modified":"2019-03-22T06:20:42","modified_gmt":"2019-03-22T06:20:42","slug":"ansprechpartner","status":"publish","type":"page","link":"https:\/\/buehler-cnc.de\/index.php\/unternehmen\/ansprechpartner\/","title":{"rendered":"Ansprechpartner"},"content":{"rendered":"<div id=\"pl-135\"  class=\"panel-layout\" ><div id=\"pg-135-0\"  class=\"panel-grid panel-no-style\" ><div id=\"pgc-135-0-0\"  class=\"panel-grid-cell\" ><div id=\"panel-135-0-0-0\" class=\"so-panel widget widget_sow-accordion panel-first-child panel-last-child\" data-index=\"0\" ><div\n\t\t\t\n\t\t\tclass=\"so-widget-sow-accordion so-widget-sow-accordion-default-cfe3e1fccebc-135\"\n\t\t\t\n\t\t><h3 class=\"widget-title\">Der direkte Draht zu B\u00fchler CNC-Technik GmbH<\/h3><div>\n\t<div class=\"sow-accordion\">\n\t\t\t<div class=\"sow-accordion-panel sow-accordion-panel-open\"\n\t\t\t data-anchor=\"siegfried-b%c3%bchler-gesch%c3%a4ftsleitung-technik\">\n\t\t\t\t<div class=\"sow-accordion-panel-header-container\" role=\"heading\" aria-level=\"2\">\n\t\t\t\t\t<div class=\"sow-accordion-panel-header\" tabindex=\"0\" role=\"button\" id=\"accordion-label-siegfried-b%c3%bchler-gesch%c3%a4ftsleitung-technik\" aria-controls=\"accordion-content-siegfried-b%c3%bchler-gesch%c3%a4ftsleitung-technik\" aria-expanded=\"true\">\n\t\t\t\t\t\t<div class=\"sow-accordion-title sow-accordion-title-icon-left\">\n\t\t\t\t\t\t\t\t\t\t\t\t\t\tSiegfried B\u00fchler (Gesch\u00e4ftsleitung, Technik)\t\t\t\t\t\t\t\t\t\t\t\t\t<\/div>\n\t\t\t\t\t\t<div class=\"sow-accordion-open-close-button\">\n\t\t\t\t\t\t\t<div class=\"sow-accordion-open-button\">\n\t\t\t\t\t\t\t\t<span class=\"sow-icon-ionicons\" data-sow-icon=\"&#xf218;\"\n\t\t \n\t\taria-hidden=\"true\"><\/span>\t\t\t\t\t\t\t<\/div>\n\t\t\t\t\t\t\t<div class=\"sow-accordion-close-button\">\n\t\t\t\t\t\t\t\t<span class=\"sow-icon-ionicons\" data-sow-icon=\"&#xf209;\"\n\t\t \n\t\taria-hidden=\"true\"><\/span>\t\t\t\t\t\t\t<\/div>\n\t\t\t\t\t\t<\/div>\n\t\t\t\t\t<\/div>\n\t\t\t\t<\/div>\n\n\t\t\t<div\n\t\t\t\tclass=\"sow-accordion-panel-content\"\n\t\t\t\trole=\"region\"\n\t\t\t\taria-labelledby=\"accordion-label-siegfried-b%c3%bchler-gesch%c3%a4ftsleitung-technik\"\n\t\t\t\tid=\"accordion-content-siegfried-b%c3%bchler-gesch%c3%a4ftsleitung-technik\"\n\t\t\t\t\t\t\t>\n\t\t\t\t<div class=\"sow-accordion-panel-border\" tabindex=\"0\">\n\t\t\t\t\t<p><strong>Kontaktdaten<\/strong><\/p>\n<p>Tel.: +49 (0) 7452 63 54 952<br \/>\nFax: +49 (0) 7452 63 54 992<\/p>\n<p>E-Mail: <a href=\"mailto:info@buehler-cnc.de\">info@buehler-cnc.de<\/a><\/p>\n\t\t\t\t<\/div>\n\t\t\t<\/div>\n\t\t<\/div>\n\t\t\t<div class=\"sow-accordion-panel\"\n\t\t\t data-anchor=\"sandra-b%c3%bchler-personal-buchhaltung\">\n\t\t\t\t<div class=\"sow-accordion-panel-header-container\" role=\"heading\" aria-level=\"2\">\n\t\t\t\t\t<div class=\"sow-accordion-panel-header\" tabindex=\"0\" role=\"button\" id=\"accordion-label-sandra-b%c3%bchler-personal-buchhaltung\" aria-controls=\"accordion-content-sandra-b%c3%bchler-personal-buchhaltung\" aria-expanded=\"false\">\n\t\t\t\t\t\t<div class=\"sow-accordion-title sow-accordion-title-icon-left\">\n\t\t\t\t\t\t\t\t\t\t\t\t\t\tSandra B\u00fchler (Personal, Buchhaltung)\t\t\t\t\t\t\t\t\t\t\t\t\t<\/div>\n\t\t\t\t\t\t<div class=\"sow-accordion-open-close-button\">\n\t\t\t\t\t\t\t<div class=\"sow-accordion-open-button\">\n\t\t\t\t\t\t\t\t<span class=\"sow-icon-ionicons\" data-sow-icon=\"&#xf218;\"\n\t\t \n\t\taria-hidden=\"true\"><\/span>\t\t\t\t\t\t\t<\/div>\n\t\t\t\t\t\t\t<div class=\"sow-accordion-close-button\">\n\t\t\t\t\t\t\t\t<span class=\"sow-icon-ionicons\" data-sow-icon=\"&#xf209;\"\n\t\t \n\t\taria-hidden=\"true\"><\/span>\t\t\t\t\t\t\t<\/div>\n\t\t\t\t\t\t<\/div>\n\t\t\t\t\t<\/div>\n\t\t\t\t<\/div>\n\n\t\t\t<div\n\t\t\t\tclass=\"sow-accordion-panel-content\"\n\t\t\t\trole=\"region\"\n\t\t\t\taria-labelledby=\"accordion-label-sandra-b%c3%bchler-personal-buchhaltung\"\n\t\t\t\tid=\"accordion-content-sandra-b%c3%bchler-personal-buchhaltung\"\n\t\t\t\tstyle=\"display: none;\"\t\t\t>\n\t\t\t\t<div class=\"sow-accordion-panel-border\" tabindex=\"0\">\n\t\t\t\t\t<p><strong>Kontaktdaten<\/strong><\/p>\n<p>Tel.: +49 (0) 7452 63 54 950<br \/>\nFax: +49 (0) 7452 63 54 992<\/p>\n<p>E-Mail: <a href=\"mailto:info@buehler-cnc.de\">info@buehler-cnc.de<\/a><\/p>\n\t\t\t\t<\/div>\n\t\t\t<\/div>\n\t\t<\/div>\n\t\t\t<div class=\"sow-accordion-panel\"\n\t\t\t data-anchor=\"peter-adam-leiter-arbeitsvorbereitung\">\n\t\t\t\t<div class=\"sow-accordion-panel-header-container\" role=\"heading\" aria-level=\"2\">\n\t\t\t\t\t<div class=\"sow-accordion-panel-header\" tabindex=\"0\" role=\"button\" id=\"accordion-label-peter-adam-leiter-arbeitsvorbereitung\" aria-controls=\"accordion-content-peter-adam-leiter-arbeitsvorbereitung\" aria-expanded=\"false\">\n\t\t\t\t\t\t<div class=\"sow-accordion-title sow-accordion-title-icon-left\">\n\t\t\t\t\t\t\t\t\t\t\t\t\t\tPeter Adam (Leiter Arbeitsvorbereitung)\t\t\t\t\t\t\t\t\t\t\t\t\t<\/div>\n\t\t\t\t\t\t<div class=\"sow-accordion-open-close-button\">\n\t\t\t\t\t\t\t<div class=\"sow-accordion-open-button\">\n\t\t\t\t\t\t\t\t<span class=\"sow-icon-ionicons\" data-sow-icon=\"&#xf218;\"\n\t\t \n\t\taria-hidden=\"true\"><\/span>\t\t\t\t\t\t\t<\/div>\n\t\t\t\t\t\t\t<div class=\"sow-accordion-close-button\">\n\t\t\t\t\t\t\t\t<span class=\"sow-icon-ionicons\" data-sow-icon=\"&#xf209;\"\n\t\t \n\t\taria-hidden=\"true\"><\/span>\t\t\t\t\t\t\t<\/div>\n\t\t\t\t\t\t<\/div>\n\t\t\t\t\t<\/div>\n\t\t\t\t<\/div>\n\n\t\t\t<div\n\t\t\t\tclass=\"sow-accordion-panel-content\"\n\t\t\t\trole=\"region\"\n\t\t\t\taria-labelledby=\"accordion-label-peter-adam-leiter-arbeitsvorbereitung\"\n\t\t\t\tid=\"accordion-content-peter-adam-leiter-arbeitsvorbereitung\"\n\t\t\t\tstyle=\"display: none;\"\t\t\t>\n\t\t\t\t<div class=\"sow-accordion-panel-border\" tabindex=\"0\">\n\t\t\t\t\t<p><strong>Kontaktdaten<\/strong><\/p>\n<p>Tel.: +49 (0) 7452 63 54 953<br \/>\nFax: +49 (0) 7452 63 54 993<\/p>\n<p>E-Mail: <a href=\"mailto:peter.adam@buehler-cnc.de\">peter.adam@buehler-cnc.de<\/a><\/p>\n\t\t\t\t<\/div>\n\t\t\t<\/div>\n\t\t<\/div>\n\t\t\t<div class=\"sow-accordion-panel\"\n\t\t\t data-anchor=\"oliver-t%c3%bcrk-werkstattmeister\">\n\t\t\t\t<div class=\"sow-accordion-panel-header-container\" role=\"heading\" aria-level=\"2\">\n\t\t\t\t\t<div class=\"sow-accordion-panel-header\" tabindex=\"0\" role=\"button\" id=\"accordion-label-oliver-t%c3%bcrk-werkstattmeister\" aria-controls=\"accordion-content-oliver-t%c3%bcrk-werkstattmeister\" aria-expanded=\"false\">\n\t\t\t\t\t\t<div class=\"sow-accordion-title sow-accordion-title-icon-left\">\n\t\t\t\t\t\t\t\t\t\t\t\t\t\tOliver T\u00fcrk (Werkstattmeister)\t\t\t\t\t\t\t\t\t\t\t\t\t<\/div>\n\t\t\t\t\t\t<div class=\"sow-accordion-open-close-button\">\n\t\t\t\t\t\t\t<div class=\"sow-accordion-open-button\">\n\t\t\t\t\t\t\t\t<span class=\"sow-icon-ionicons\" data-sow-icon=\"&#xf218;\"\n\t\t \n\t\taria-hidden=\"true\"><\/span>\t\t\t\t\t\t\t<\/div>\n\t\t\t\t\t\t\t<div class=\"sow-accordion-close-button\">\n\t\t\t\t\t\t\t\t<span class=\"sow-icon-ionicons\" data-sow-icon=\"&#xf209;\"\n\t\t \n\t\taria-hidden=\"true\"><\/span>\t\t\t\t\t\t\t<\/div>\n\t\t\t\t\t\t<\/div>\n\t\t\t\t\t<\/div>\n\t\t\t\t<\/div>\n\n\t\t\t<div\n\t\t\t\tclass=\"sow-accordion-panel-content\"\n\t\t\t\trole=\"region\"\n\t\t\t\taria-labelledby=\"accordion-label-oliver-t%c3%bcrk-werkstattmeister\"\n\t\t\t\tid=\"accordion-content-oliver-t%c3%bcrk-werkstattmeister\"\n\t\t\t\tstyle=\"display: none;\"\t\t\t>\n\t\t\t\t<div class=\"sow-accordion-panel-border\" tabindex=\"0\">\n\t\t\t\t\t<p><strong>Kontaktdaten<\/strong><\/p>\n<p>Tel.: +49 (0) 7452 63 54 954<br \/>\nFax: +49 (0) 7452 63 54 993<\/p>\n<p>E-Mail: <a href=\"mailto:oliver.tuerk@buehler-cnc.de\">oliver.tuerk@buehler-cnc.de<\/a><\/p>\n\t\t\t\t<\/div>\n\t\t\t<\/div>\n\t\t<\/div>\n\t\t<\/div>\n<\/div>\n<\/div><\/div><\/div><\/div><\/div>","protected":false},"excerpt":{"rendered":"<p>Der direkte Draht zu B\u00fchler CNC-Technik GmbH Siegfried B\u00fchler (Gesch\u00e4ftsleitung, Technik) Kontaktdaten Tel.: +49 (0) 7452 63 54 952 Fax: +49 (0) 7452 63 54 992 E-Mail: info@buehler-cnc.de Sandra B\u00fchler (Personal, Buchhaltung) Kontaktdaten Tel.: +49 (0) 7452 63 54 950 Fax: +49 (0) 7452 63 54 992 E-Mail: info@buehler-cnc.de Peter Adam (Leiter Arbeitsvorbereitung) Kontaktdaten Tel.:<\/p><\/div>\n<div class=\"blog-btn\"><a href=\"https:\/\/buehler-cnc.de\/index.php\/unternehmen\/ansprechpartner\/\" class=\"home-blog-btn\">Weiterlesen<\/a><\/p>\n","protected":false},"author":2,"featured_media":0,"parent":145,"menu_order":0,"comment_status":"closed","ping_status":"closed","template":"template\/template-page-full-width.php","meta":[],"_links":{"self":[{"href":"https:\/\/buehler-cnc.de\/index.php\/wp-json\/wp\/v2\/pages\/135"}],"collection":[{"href":"https:\/\/buehler-cnc.de\/index.php\/wp-json\/wp\/v2\/pages"}],"about":[{"href":"https:\/\/buehler-cnc.de\/index.php\/wp-json\/wp\/v2\/types\/page"}],"author":[{"embeddable":true,"href":"https:\/\/buehler-cnc.de\/index.php\/wp-json\/wp\/v2\/users\/2"}],"replies":[{"embeddable":true,"href":"https:\/\/buehler-cnc.de\/index.php\/wp-json\/wp\/v2\/comments?post=135"}],"version-history":[{"count":40,"href":"https:\/\/buehler-cnc.de\/index.php\/wp-json\/wp\/v2\/pages\/135\/revisions"}],"predecessor-version":[{"id":456,"href":"https:\/\/buehler-cnc.de\/index.php\/wp-json\/wp\/v2\/pages\/135\/revisions\/456"}],"up":[{"embeddable":true,"href":"https:\/\/buehler-cnc.de\/index.php\/wp-json\/wp\/v2\/pages\/145"}],"wp:attachment":[{"href":"https:\/\/buehler-cnc.de\/index.php\/wp-json\/wp\/v2\/media?parent=135"}],"curies":[{"name":"wp","href":"https:\/\/api.w.org\/{rel}","templated":true}]}}